{"id":3874,"date":"2017-09-05T17:24:50","date_gmt":"2017-09-05T15:24:50","guid":{"rendered":"http:\/\/benalmadenadigital.es\/?page_id=3874\/"},"modified":"2017-09-12T15:47:10","modified_gmt":"2017-09-12T13:47:10","slug":"marquess-of-milford-haven","status":"publish","type":"page","link":"https:\/\/benalmadenadigital.es\/en\/marquess-of-milford-haven\/","title":{"rendered":"Marquess of Milford Haven exporting the price comparison formula"},"content":{"rendered":"<p>In business, you won&#8217;t get very far without faith in ideas. But to have faith in the potential of an unknown, unproven entity in a foreign country requires even more confidence. However, such was <strong>the success of the uSwitch.com concept<\/strong> &#8211; the UK price comparison website which <strong>George Milford Haven<\/strong> founded &#8211; that the <strong>Marquess of Milford Haven<\/strong> has decided to prove that the concept works across borders.<\/p>\n<p><!--more--><\/p>\n<p><strong> The Marquess of Milford Haven<\/strong>, to give him his title, also known as <strong>George Mountbatten<\/strong>, was one of uSwitch&#8217;s founding members at the turn of the millennium. He is also known for being <strong>a cousin of the Queen, descendant of Catherine the Great<\/strong>, and one of the most influential figures in the sport of polo.<\/p>\n<h2>Marquess of Milford Haven and uSwitch<\/h2>\n<p><strong>Long before the uSwitch.com model was applied in countries such as Turkey and Brazil, the Marquess of Milford Haven<\/strong> and his co-founders &#8211; Vipul Amin and former PwC financier Andrew Salmon &#8211; chose exactly the right time to corner the UK market. They launched the energy price comparison website just after deregulation which meant that customers were then able to switch energy providers more easily than ever before.<\/p>\n<p><img decoding=\"async\" class=\"aligncenter wp-image-3875 size-full\" title=\"Marquess of Milford Haven and his entrepreneurial career with uSwitch\" src=\"http:\/\/benalmadenadigital.es\/wp-content\/uploads\/2017\/09\/uSwitch-a-business-of-Marquess-of-Milford-Haven.jpg\" alt=\"Marquess of Milford Haven and his success business uSwitch\" width=\"600\" height=\"399\" srcset=\"https:\/\/benalmadenadigital.es\/wp-content\/uploads\/2017\/09\/uSwitch-a-business-of-Marquess-of-Milford-Haven.jpg 600w, https:\/\/benalmadenadigital.es\/wp-content\/uploads\/2017\/09\/uSwitch-a-business-of-Marquess-of-Milford-Haven-300x200.jpg 300w, https:\/\/benalmadenadigital.es\/wp-content\/uploads\/2017\/09\/uSwitch-a-business-of-Marquess-of-Milford-Haven-83x55.jpg 83w, https:\/\/benalmadenadigital.es\/wp-content\/uploads\/2017\/09\/uSwitch-a-business-of-Marquess-of-Milford-Haven-310x206.jpg 310w\" sizes=\"(max-width: 600px) 100vw, 600px\" \/><br \/>\nBut this business idea, which allowed gas and electricity customers to save themselves hundreds of pounds a year, was a long way away from working in a far flung part of the world.<\/p>\n<h3>Ero\u011flu, a student with big ideas<\/h3>\n<p>So how did uSwitch&#8217;s foreign escapades come about? <strong>uSwitch.com<\/strong> was contacted by a Turkish student who had just been stung by an unexpectedly expensive energy bill. <strong>Cagada Ero\u011flu<\/strong> was studying for his post graduate degree in London, when he realised he could actually save money by taking advantage of the uSwitch.com site.<\/p>\n<p><strong>Ero\u011flu got thinking about the potential of such a service in his Turkish homeland<\/strong> and got in touch with the <strong>Marquess of Milford Haven<\/strong> through the professional online network LinkedIn. Mountbatten was immediately receptive to the idea of a &#8216;<strong>Turkish uSwitch<\/strong>&#8216; and his team started talks with Ero\u011flu. He worked with various organisations, equipping him with the experience necessary to start a Turkish price comparison site for the energy market, which would be known as EnCazip Turkey.<\/p>\n<p>It was undoubtedly a gap in the Turkish market which led <strong>Mountbatten<\/strong> and co. invest in <strong>EnCazip Turkey.<\/strong> It appeared that Turkish consumers were crying out for a platform which gave them the same level of transparency and fairness that uSwitch.com offered the UK market.<\/p>\n<h2>Others business models of Marquess of Milford Haven<\/h2>\n<p><strong>Speaking to the Tech Inside platform, Onur Orak\u00e7\u0131o\u011flu, EnCazip Turkey&#8217;s Managing Partner,<\/strong> makes it clear that EnCazip&#8217;s launch has been healthy for Turkish gas and electricity customers as a whole: &#8220;We aim not only to find the cheapest electricity tariff for consumers but also to ensure that the competition in the sector develops for the consumer. We do this in a sense by increasing competition. It should not be forgotten that when prices are falling on competitive markets, service quality is rising as well.&#8221;<\/p>\n<p><img decoding=\"async\" class=\"aligncenter wp-image-3876 size-full\" title=\"George, Marquess of Milford Haven, and his success career\" src=\"http:\/\/benalmadenadigital.es\/wp-content\/uploads\/2017\/09\/Marquess-of-Milford-Haven-and-his-success-business-uSwitch.jpg\" alt=\"Marquess of Milford Haven applies its business model in Turkey\" width=\"600\" height=\"399\" srcset=\"https:\/\/benalmadenadigital.es\/wp-content\/uploads\/2017\/09\/Marquess-of-Milford-Haven-and-his-success-business-uSwitch.jpg 600w, https:\/\/benalmadenadigital.es\/wp-content\/uploads\/2017\/09\/Marquess-of-Milford-Haven-and-his-success-business-uSwitch-300x200.jpg 300w, https:\/\/benalmadenadigital.es\/wp-content\/uploads\/2017\/09\/Marquess-of-Milford-Haven-and-his-success-business-uSwitch-83x55.jpg 83w, https:\/\/benalmadenadigital.es\/wp-content\/uploads\/2017\/09\/Marquess-of-Milford-Haven-and-his-success-business-uSwitch-310x206.jpg 310w\" sizes=\"(max-width: 600px) 100vw, 600px\" \/><br \/>\n<strong>It still remains to be seen whether EnCazip Turkey can reach the same heights as uSwitch,<\/strong> which was eventually sold to US media giant EW Scripps in a \u00a3210 million deal.\u00a0<strong>The EnCazip Turkey story proves that with the right leadership<\/strong>, a business model can indeed be effective in two vastly different countries.<\/p>\n<p>&nbsp;<\/p>\n","protected":false},"excerpt":{"rendered":"<p>In business, you won&#8217;t get very far without faith in ideas. But to have faith in the potential of an unknown, unproven entity in a foreign country requires even more confidence. However, such was the success of the uSwitch.com concept &#8211; the UK price comparison website which George Milford Haven founded &#8211; that the Marquess of Milford Haven has decided [&hellip;]<\/p>\n","protected":false},"author":12,"featured_media":0,"parent":0,"menu_order":0,"comment_status":"open","ping_status":"closed","template":"","meta":{"_acf_changed":false,"footnotes":""},"class_list":["post-3874","page","type-page","status-publish","hentry"],"acf":[],"yoast_head":"<!-- This site is optimized with the Yoast SEO plugin v24.8.1 - https:\/\/yoast.com\/wordpress\/plugins\/seo\/ -->\n<title>Marquess of Milford Haven and his successful company uSwitch<\/title>\n<meta name=\"description\" content=\"The Marquess of Milford Haven and the success of its uSwitch company spread to other countries such as Turkey and Brazil.\" \/>\n<meta name=\"robots\" content=\"index, follow, max-snippet:-1, max-image-preview:large, max-video-preview:-1\" \/>\n<link rel=\"canonical\" href=\"https:\/\/benalmadenadigital.es\/en\/marquess-of-milford-haven\/\" \/>\n<meta property=\"og:locale\" content=\"en_US\" \/>\n<meta property=\"og:type\" content=\"article\" \/>\n<meta property=\"og:title\" content=\"Marquess of Milford Haven and his successful company uSwitch\" \/>\n<meta property=\"og:description\" content=\"The Marquess of Milford Haven and the success of its uSwitch company spread to other countries such as Turkey and Brazil.\" \/>\n<meta property=\"og:url\" content=\"https:\/\/benalmadenadigital.es\/en\/marquess-of-milford-haven\/\" \/>\n<meta property=\"og:site_name\" content=\"Tus noticias de la semana\" \/>\n<meta property=\"article:modified_time\" content=\"2017-09-12T13:47:10+00:00\" \/>\n<meta property=\"og:image\" content=\"https:\/\/benalmadenadigital.es\/wp-content\/uploads\/2017\/09\/uSwitch-a-business-of-Marquess-of-Milford-Haven.jpg\" \/>\n\t<meta property=\"og:image:width\" content=\"600\" \/>\n\t<meta property=\"og:image:height\" content=\"399\" \/>\n\t<meta property=\"og:image:type\" content=\"image\/jpeg\" \/>\n<meta name=\"twitter:label1\" content=\"Est. reading time\" \/>\n\t<meta name=\"twitter:data1\" content=\"3 minutes\" \/>\n<script type=\"application\/ld+json\" class=\"yoast-schema-graph\">{\"@context\":\"https:\/\/schema.org\",\"@graph\":[{\"@type\":\"WebPage\",\"@id\":\"https:\/\/benalmadenadigital.es\/en\/marquess-of-milford-haven\/\",\"url\":\"https:\/\/benalmadenadigital.es\/en\/marquess-of-milford-haven\/\",\"name\":\"Marquess of Milford Haven and his successful company uSwitch\",\"isPartOf\":{\"@id\":\"https:\/\/benalmadenadigital.es\/#website\"},\"primaryImageOfPage\":{\"@id\":\"https:\/\/benalmadenadigital.es\/en\/marquess-of-milford-haven\/#primaryimage\"},\"image\":{\"@id\":\"https:\/\/benalmadenadigital.es\/en\/marquess-of-milford-haven\/#primaryimage\"},\"thumbnailUrl\":\"http:\/\/benalmadenadigital.es\/wp-content\/uploads\/2017\/09\/uSwitch-a-business-of-Marquess-of-Milford-Haven.jpg\",\"datePublished\":\"2017-09-05T15:24:50+00:00\",\"dateModified\":\"2017-09-12T13:47:10+00:00\",\"description\":\"The Marquess of Milford Haven and the success of its uSwitch company spread to other countries such as Turkey and Brazil.\",\"breadcrumb\":{\"@id\":\"https:\/\/benalmadenadigital.es\/en\/marquess-of-milford-haven\/#breadcrumb\"},\"inLanguage\":\"en-US\",\"potentialAction\":[{\"@type\":\"ReadAction\",\"target\":[\"https:\/\/benalmadenadigital.es\/en\/marquess-of-milford-haven\/\"]}]},{\"@type\":\"ImageObject\",\"inLanguage\":\"en-US\",\"@id\":\"https:\/\/benalmadenadigital.es\/en\/marquess-of-milford-haven\/#primaryimage\",\"url\":\"http:\/\/benalmadenadigital.es\/wp-content\/uploads\/2017\/09\/uSwitch-a-business-of-Marquess-of-Milford-Haven.jpg\",\"contentUrl\":\"http:\/\/benalmadenadigital.es\/wp-content\/uploads\/2017\/09\/uSwitch-a-business-of-Marquess-of-Milford-Haven.jpg\"},{\"@type\":\"BreadcrumbList\",\"@id\":\"https:\/\/benalmadenadigital.es\/en\/marquess-of-milford-haven\/#breadcrumb\",\"itemListElement\":[{\"@type\":\"ListItem\",\"position\":1,\"name\":\"Portada\",\"item\":\"https:\/\/benalmadenadigital.es\/\"},{\"@type\":\"ListItem\",\"position\":2,\"name\":\"Marquess of Milford Haven exporting the price comparison formula\"}]},{\"@type\":\"WebSite\",\"@id\":\"https:\/\/benalmadenadigital.es\/#website\",\"url\":\"https:\/\/benalmadenadigital.es\/\",\"name\":\"Tus noticias de la semana\",\"description\":\"benalmadenadigital.es\",\"publisher\":{\"@id\":\"https:\/\/benalmadenadigital.es\/#organization\"},\"potentialAction\":[{\"@type\":\"SearchAction\",\"target\":{\"@type\":\"EntryPoint\",\"urlTemplate\":\"https:\/\/benalmadenadigital.es\/?s={search_term_string}\"},\"query-input\":{\"@type\":\"PropertyValueSpecification\",\"valueRequired\":true,\"valueName\":\"search_term_string\"}}],\"inLanguage\":\"en-US\"},{\"@type\":\"Organization\",\"@id\":\"https:\/\/benalmadenadigital.es\/#organization\",\"name\":\"Benalm\u00e1dena Digital\",\"url\":\"https:\/\/benalmadenadigital.es\/\",\"logo\":{\"@type\":\"ImageObject\",\"inLanguage\":\"en-US\",\"@id\":\"https:\/\/benalmadenadigital.es\/#\/schema\/logo\/image\/\",\"url\":\"https:\/\/benalmadenadigital.es\/wp-content\/uploads\/2019\/06\/logo-benalmadena.png\",\"contentUrl\":\"https:\/\/benalmadenadigital.es\/wp-content\/uploads\/2019\/06\/logo-benalmadena.png\",\"width\":508,\"height\":200,\"caption\":\"Benalm\u00e1dena Digital\"},\"image\":{\"@id\":\"https:\/\/benalmadenadigital.es\/#\/schema\/logo\/image\/\"}}]}<\/script>\n<!-- \/ Yoast SEO plugin. -->","yoast_head_json":{"title":"Marquess of Milford Haven and his successful company uSwitch","description":"The Marquess of Milford Haven and the success of its uSwitch company spread to other countries such as Turkey and Brazil.","robots":{"index":"index","follow":"follow","max-snippet":"max-snippet:-1","max-image-preview":"max-image-preview:large","max-video-preview":"max-video-preview:-1"},"canonical":"https:\/\/benalmadenadigital.es\/en\/marquess-of-milford-haven\/","og_locale":"en_US","og_type":"article","og_title":"Marquess of Milford Haven and his successful company uSwitch","og_description":"The Marquess of Milford Haven and the success of its uSwitch company spread to other countries such as Turkey and Brazil.","og_url":"https:\/\/benalmadenadigital.es\/en\/marquess-of-milford-haven\/","og_site_name":"Tus noticias de la semana","article_modified_time":"2017-09-12T13:47:10+00:00","og_image":[{"width":600,"height":399,"url":"https:\/\/benalmadenadigital.es\/wp-content\/uploads\/2017\/09\/uSwitch-a-business-of-Marquess-of-Milford-Haven.jpg","type":"image\/jpeg"}],"twitter_misc":{"Est. reading time":"3 minutes"},"schema":{"@context":"https:\/\/schema.org","@graph":[{"@type":"WebPage","@id":"https:\/\/benalmadenadigital.es\/en\/marquess-of-milford-haven\/","url":"https:\/\/benalmadenadigital.es\/en\/marquess-of-milford-haven\/","name":"Marquess of Milford Haven and his successful company uSwitch","isPartOf":{"@id":"https:\/\/benalmadenadigital.es\/#website"},"primaryImageOfPage":{"@id":"https:\/\/benalmadenadigital.es\/en\/marquess-of-milford-haven\/#primaryimage"},"image":{"@id":"https:\/\/benalmadenadigital.es\/en\/marquess-of-milford-haven\/#primaryimage"},"thumbnailUrl":"http:\/\/benalmadenadigital.es\/wp-content\/uploads\/2017\/09\/uSwitch-a-business-of-Marquess-of-Milford-Haven.jpg","datePublished":"2017-09-05T15:24:50+00:00","dateModified":"2017-09-12T13:47:10+00:00","description":"The Marquess of Milford Haven and the success of its uSwitch company spread to other countries such as Turkey and Brazil.","breadcrumb":{"@id":"https:\/\/benalmadenadigital.es\/en\/marquess-of-milford-haven\/#breadcrumb"},"inLanguage":"en-US","potentialAction":[{"@type":"ReadAction","target":["https:\/\/benalmadenadigital.es\/en\/marquess-of-milford-haven\/"]}]},{"@type":"ImageObject","inLanguage":"en-US","@id":"https:\/\/benalmadenadigital.es\/en\/marquess-of-milford-haven\/#primaryimage","url":"http:\/\/benalmadenadigital.es\/wp-content\/uploads\/2017\/09\/uSwitch-a-business-of-Marquess-of-Milford-Haven.jpg","contentUrl":"http:\/\/benalmadenadigital.es\/wp-content\/uploads\/2017\/09\/uSwitch-a-business-of-Marquess-of-Milford-Haven.jpg"},{"@type":"BreadcrumbList","@id":"https:\/\/benalmadenadigital.es\/en\/marquess-of-milford-haven\/#breadcrumb","itemListElement":[{"@type":"ListItem","position":1,"name":"Portada","item":"https:\/\/benalmadenadigital.es\/"},{"@type":"ListItem","position":2,"name":"Marquess of Milford Haven exporting the price comparison formula"}]},{"@type":"WebSite","@id":"https:\/\/benalmadenadigital.es\/#website","url":"https:\/\/benalmadenadigital.es\/","name":"Tus noticias de la semana","description":"benalmadenadigital.es","publisher":{"@id":"https:\/\/benalmadenadigital.es\/#organization"},"potentialAction":[{"@type":"SearchAction","target":{"@type":"EntryPoint","urlTemplate":"https:\/\/benalmadenadigital.es\/?s={search_term_string}"},"query-input":{"@type":"PropertyValueSpecification","valueRequired":true,"valueName":"search_term_string"}}],"inLanguage":"en-US"},{"@type":"Organization","@id":"https:\/\/benalmadenadigital.es\/#organization","name":"Benalm\u00e1dena Digital","url":"https:\/\/benalmadenadigital.es\/","logo":{"@type":"ImageObject","inLanguage":"en-US","@id":"https:\/\/benalmadenadigital.es\/#\/schema\/logo\/image\/","url":"https:\/\/benalmadenadigital.es\/wp-content\/uploads\/2019\/06\/logo-benalmadena.png","contentUrl":"https:\/\/benalmadenadigital.es\/wp-content\/uploads\/2019\/06\/logo-benalmadena.png","width":508,"height":200,"caption":"Benalm\u00e1dena Digital"},"image":{"@id":"https:\/\/benalmadenadigital.es\/#\/schema\/logo\/image\/"}}]}},"yoast_description":"The Marquess of Milford Haven and the success of its uSwitch company spread to other countries such as Turkey and Brazil.","yoast_title":"Marquess of Milford Haven and his successful company uSwitch","_links":{"self":[{"href":"https:\/\/benalmadenadigital.es\/en\/wp-json\/wp\/v2\/pages\/3874","targetHints":{"allow":["GET"]}}],"collection":[{"href":"https:\/\/benalmadenadigital.es\/en\/wp-json\/wp\/v2\/pages"}],"about":[{"href":"https:\/\/benalmadenadigital.es\/en\/wp-json\/wp\/v2\/types\/page"}],"author":[{"embeddable":true,"href":"https:\/\/benalmadenadigital.es\/en\/wp-json\/wp\/v2\/users\/12"}],"replies":[{"embeddable":true,"href":"https:\/\/benalmadenadigital.es\/en\/wp-json\/wp\/v2\/comments?post=3874"}],"version-history":[{"count":0,"href":"https:\/\/benalmadenadigital.es\/en\/wp-json\/wp\/v2\/pages\/3874\/revisions"}],"wp:attachment":[{"href":"https:\/\/benalmadenadigital.es\/en\/wp-json\/wp\/v2\/media?parent=3874"}],"curies":[{"name":"wp","href":"https:\/\/api.w.org\/{rel}","templated":true}]}}