{"id":4984,"date":"2018-10-29T12:07:30","date_gmt":"2018-10-29T11:07:30","guid":{"rendered":"https:\/\/benalmadenadigital.es\/?page_id=4984"},"modified":"2018-10-29T12:08:05","modified_gmt":"2018-10-29T11:08:05","slug":"master-d","status":"publish","type":"page","link":"https:\/\/benalmadenadigital.es\/pt-pt\/master-d\/","title":{"rendered":"Master D em Portugal, cursos de forma\u00e7\u00e3o para melhoria das oportunidades de emprego"},"content":{"rendered":"<p>O <strong>centro de forma\u00e7\u00e3o Master D <\/strong>\u00e9 um dos mais requisitados Centros de Forma\u00e7\u00e3o em Portugal. Para quem procura a possibilidade de realizar um curso profissional em forma\u00e7\u00e3o aberta (tanto \u00e0 dist\u00e2ncia como semi-presencial) e aumentar as suas hip\u00f3teses na procura de trabalho, esta \u00e9 a chave.<\/p>\n<p><img decoding=\"async\" class=\"alignnone size-full wp-image-4988\" src=\"https:\/\/benalmadenadigital.es\/wp-content\/uploads\/2018\/10\/Vantagens-dos-cursos-de-forma\u00e7\u00e3o-da-Master-D.png\" alt=\"Master D e seus cursos de forma\u00e7\u00e3o em Portugal\" width=\"600\" height=\"399\" srcset=\"https:\/\/benalmadenadigital.es\/wp-content\/uploads\/2018\/10\/Vantagens-dos-cursos-de-forma\u00e7\u00e3o-da-Master-D.png 600w, https:\/\/benalmadenadigital.es\/wp-content\/uploads\/2018\/10\/Vantagens-dos-cursos-de-forma\u00e7\u00e3o-da-Master-D-300x200.png 300w, https:\/\/benalmadenadigital.es\/wp-content\/uploads\/2018\/10\/Vantagens-dos-cursos-de-forma\u00e7\u00e3o-da-Master-D-83x55.png 83w, https:\/\/benalmadenadigital.es\/wp-content\/uploads\/2018\/10\/Vantagens-dos-cursos-de-forma\u00e7\u00e3o-da-Master-D-310x206.png 310w\" sizes=\"(max-width: 600px) 100vw, 600px\" \/><!--more--><\/p>\n<h2><strong>Realize um curso profissional e melhore sua inser\u00e7\u00e3o laboral<\/strong><\/h2>\n<p>Portugal atravessa uma fase de recupera\u00e7\u00e3o econ\u00f3mica crescente. No entanto, <strong>conseguir um emprego \u00e9 ainda uma tarefa complicada <\/strong>devido \u00e0 dificuldade de encontrar-se m\u00e3o-de-obra especializada. Para poder desempenhar um bom trabalho, um candidato deve ter os melhores conhecimentos te\u00f3ricos e pr\u00e1ticos. Por isto mesmo, muitos portugueses elegem os <strong>cursos profissionais que os centros como a Master D oferecem. <\/strong>Estas forma\u00e7\u00f5es transmitem todo o conte\u00fado relacionado com o trabalho para o qual est\u00e3o pensados, e fazem uso das novas tecnologias para facilitar o estudo <em>online<\/em>.<\/p>\n<p>Realizar um curso profissional com estas caracter\u00edsticas oferece aos formandos muitas vantagens no momento da procura de emprego. Assim, o cat\u00e1logo formativo da Master D conta com uma ampla variedade de cursos estrategicamente pensados para suprir a<strong> necessidade de profissionais capacitados, <\/strong>de maneira que a inser\u00e7\u00e3o laboral ocorra da forma mais simples e espont\u00e2nea poss\u00edvel.<\/p>\n<h3><strong>Cursos dispon\u00edveis na Master D<\/strong><\/h3>\n<p>Este centro de forma\u00e7\u00e3o, j\u00e1 com mais de 20 anos de experi\u00eancia, conta com um <strong>amplo leque de op\u00e7\u00f5es formativas. <\/strong>Os cursos est\u00e3o divididos entre os que se destinam a diversos sectores profissionais e os que se relacionam com as \u00e1reas t\u00e9cnicas.<\/p>\n<p>Na MasterD \u00e9 poss\u00edvel encontrar cursos formativos relacionados a estes <strong>sectores profissionais<\/strong>:<\/p>\n<ul>\n<li>Cuidados Animais<\/li>\n<li>Turismo<\/li>\n<li>Agricultura e Espa\u00e7os Verdes<\/li>\n<li>Bem-Estar<\/li>\n<li>Cuidados de Sa\u00fade<\/li>\n<li>Cuidados Infantis e Geri\u00e1tricos<\/li>\n<li>Comercial e Rela\u00e7\u00f5es P\u00fablicas<\/li>\n<li>Servi\u00e7os Administrativos<\/li>\n<\/ul>\n<p>Tamb\u00e9m s\u00e3o encontrados cursos que se relacionam com as seguintes <strong>\u00e1reas t\u00e9cnicas:<\/strong><\/p>\n<ul>\n<li>Eletrot\u00e9cnica, Ind\u00fastria e Automa\u00e7\u00e3o<\/li>\n<li>Energias Renov\u00e1veis<\/li>\n<li>Inform\u00e1tica<\/li>\n<li>Programa\u00e7\u00e3o<\/li>\n<li>Marketing e Design Multim\u00e9dia<\/li>\n<\/ul>\n<p>Para al\u00e9m de todos estes, a Master D ainda oferece <strong>cursos de prepara\u00e7\u00e3o para <\/strong>admiss\u00e3o nas for\u00e7as de seguran\u00e7a GNR ou PSP.<\/p>\n<p><img decoding=\"async\" class=\"alignnone size-full wp-image-4991\" src=\"https:\/\/benalmadenadigital.es\/wp-content\/uploads\/2018\/10\/Master-D-cursos-profissionais.png\" alt=\"A Master D \u00e9 um centro de forma\u00e7\u00e3o aberta que oferece cursos profissionais h\u00e1 mais de 20 anos\" width=\"600\" height=\"400\" srcset=\"https:\/\/benalmadenadigital.es\/wp-content\/uploads\/2018\/10\/Master-D-cursos-profissionais.png 600w, https:\/\/benalmadenadigital.es\/wp-content\/uploads\/2018\/10\/Master-D-cursos-profissionais-300x200.png 300w, https:\/\/benalmadenadigital.es\/wp-content\/uploads\/2018\/10\/Master-D-cursos-profissionais-83x55.png 83w, https:\/\/benalmadenadigital.es\/wp-content\/uploads\/2018\/10\/Master-D-cursos-profissionais-310x207.png 310w\" sizes=\"(max-width: 600px) 100vw, 600px\" \/><\/p>\n<h2><strong>Vantagens da forma\u00e7\u00e3o online com a Master D<\/strong><\/h2>\n<p>A principal modalidade de estudo na Master D \u00e9 \u00e0 dist\u00e2ncia. Gra\u00e7as ao desenvolvimento das novas tecnologias, <strong>os formandos t\u00eam acesso online a todo o conte\u00fado, <\/strong>bem como a todos os recursos necess\u00e1rios para a sua forma\u00e7\u00e3o no Campus Virtual.<\/p>\n<p>A forma\u00e7\u00e3o online <strong>permite uma personaliza\u00e7\u00e3o completa do estudo <\/strong>segundo as necessidades do formando. \u00c9 comum que os formandos da Master D tenham outras responsabilidades, at\u00e9 mesmo um trabalho que querem trocar por outro relacionado com sua \u00e1rea de forma\u00e7\u00e3o. Isto requer que equilibre o seu tempo livre com as horas de estudo, estabelcecendo o seu ritmo de aprendizagem de forma personalizada.<\/p>\n<p>De um modo geral, <strong>os conte\u00fados dos cursos s\u00e3o organizados de acordo com a metodologia P8.10, <\/strong>que incentiva os formandos a obterem a melhor classifica\u00e7\u00e3o em cada tem\u00e1tica, um m\u00ednimo de 8 e um m\u00e1ximo de 10<strong>. <\/strong>Com este m\u00e9todo, \u00e9 poss\u00edvel garantir que o aluno alcance todo o conhecimento necess\u00e1rio para prosseguir com o estudo.<\/p>\n<p>Al\u00e9m do Campus Virtual, h\u00e1 ainda <strong>Tutores espec\u00edficos para cada curso. <\/strong>Eles s\u00e3o especialistas na \u00e1rea e <strong>respons\u00e1veis por esclarecer todas as d\u00favidas<\/strong> te\u00f3ricas dos formandos e apoiar durante todo o percurso formativo, para que <strong>mantenham a motiva\u00e7\u00e3o e o empenho.<\/strong><\/p>\n<p><strong>Os formandos podem ainda contar com os <\/strong>Preparadores<strong>,<\/strong> que orientam a sua aprendizagem atrav\u00e9s da defini\u00e7\u00e3o de um plano de forma\u00e7\u00e3o e de objetivos personalizados. A forma\u00e7\u00e3o online da Master D permite uma personaliza\u00e7\u00e3o completa do estudo, sem perder de vista a disciplina necess\u00e1ria para manter-se um bom desempenho de forma constante.<\/p>\n<h3><strong>Centros presenciais<\/strong><\/h3>\n<p>Os cursos da Master D est\u00e3o dispon\u00edveis de forma online para que os formandos possam tirar o maior partido das ferramentas que t\u00eam \u00e0 sua disposi\u00e7\u00e3o. No entanto, esta institui\u00e7\u00e3o tamb\u00e9m disp\u00f5e de <strong>v\u00e1rios centros distribu\u00eddos por todo o pa\u00eds<\/strong>, onde podem usufruir de uma forma\u00e7\u00e3o semi-presencial.<\/p>\n<p>Os Centros Formativos encontram-se nas cidades do <strong>Porto, Coimbra, Lisboa e Faro onde <\/strong>os formandos podem aceder de forma livre \u00e0s suas instala\u00e7\u00f5es e onde tamb\u00e9m se realizam diversas tarefas relacionadas com o conte\u00fado program\u00e1tico dos cursos: <em>workshops<\/em> e <em>jobskills<\/em>. H\u00e1 ainda <strong>salas de estudo <\/strong>que s\u00e3o \u00fateis para quem n\u00e3o t\u00eam um espa\u00e7o adequado para dedicar-se aos estudos, ou para quem prefira estudar num ambiente mais prop\u00edcio \u00e0 concentra\u00e7\u00e3o.<\/p>\n<h3><strong>Oportunidades de trabalho com a Master D<\/strong><\/h3>\n<p>Al\u00e9m das oportunidades de trabalho que se abrem com a forma\u00e7\u00e3o na Master D, o centro disp\u00f5e de <strong>bolsas de emprego<\/strong>, onde os formandos podem encontrar ofertas relacionadas com as suas aptid\u00f5es profissionais. Desta forma, os estudantes t\u00eam ainda mais possibilidades de encontrar um emprego compat\u00edvel com os conhecimentos adquiridos durante o curso.<\/p>\n","protected":false},"excerpt":{"rendered":"<p>O centro de forma\u00e7\u00e3o Master D \u00e9 um dos mais requisitados Centros de Forma\u00e7\u00e3o em Portugal. Para quem procura a possibilidade de realizar um curso profissional em forma\u00e7\u00e3o aberta (tanto \u00e0 dist\u00e2ncia como semi-presencial) e aumentar as suas hip\u00f3teses na procura de trabalho, esta \u00e9 a chave.<\/p>\n","protected":false},"author":11,"featured_media":0,"parent":0,"menu_order":0,"comment_status":"open","ping_status":"closed","template":"page-templates\/sidebar-texto-orm.php","meta":{"_acf_changed":false,"footnotes":""},"class_list":["post-4984","page","type-page","status-publish","hentry"],"acf":[],"yoast_head":"<!-- This site is optimized with the Yoast SEO plugin v24.8.1 - https:\/\/yoast.com\/wordpress\/plugins\/seo\/ -->\n<title>Master D e seus cursos de forma\u00e7\u00e3o em Portugal<\/title>\n<meta name=\"description\" content=\"O centro de forma\u00e7\u00e3o Master D oferece um amplo cat\u00e1logo de cursos profissionais que melhoram as oportunidades de trabalho dos formandos.\" \/>\n<meta name=\"robots\" content=\"index, follow, max-snippet:-1, max-image-preview:large, max-video-preview:-1\" \/>\n<link rel=\"canonical\" href=\"https:\/\/benalmadenadigital.es\/pt-pt\/master-d\/\" \/>\n<meta property=\"og:locale\" content=\"pt_PT\" \/>\n<meta property=\"og:type\" content=\"article\" \/>\n<meta property=\"og:title\" content=\"Master D e seus cursos de forma\u00e7\u00e3o em Portugal\" \/>\n<meta property=\"og:description\" content=\"O centro de forma\u00e7\u00e3o Master D oferece um amplo cat\u00e1logo de cursos profissionais que melhoram as oportunidades de trabalho dos formandos.\" \/>\n<meta property=\"og:url\" content=\"https:\/\/benalmadenadigital.es\/pt-pt\/master-d\/\" \/>\n<meta property=\"og:site_name\" content=\"Suas not\u00edcias da semana\" \/>\n<meta property=\"article:modified_time\" content=\"2018-10-29T11:08:05+00:00\" \/>\n<meta property=\"og:image\" content=\"https:\/\/benalmadenadigital.es\/wp-content\/uploads\/2018\/10\/Master-D-cursos-profissionais.png\" \/>\n<meta name=\"twitter:label1\" content=\"Tempo estimado de leitura\" \/>\n\t<meta name=\"twitter:data1\" content=\"4 minutos\" \/>\n<script type=\"application\/ld+json\" class=\"yoast-schema-graph\">{\"@context\":\"https:\/\/schema.org\",\"@graph\":[{\"@type\":\"WebPage\",\"@id\":\"https:\/\/benalmadenadigital.es\/pt-pt\/master-d\/\",\"url\":\"https:\/\/benalmadenadigital.es\/pt-pt\/master-d\/\",\"name\":\"Master D e seus cursos de forma\u00e7\u00e3o em Portugal\",\"isPartOf\":{\"@id\":\"https:\/\/benalmadenadigital.es\/#website\"},\"primaryImageOfPage\":{\"@id\":\"https:\/\/benalmadenadigital.es\/pt-pt\/master-d\/#primaryimage\"},\"image\":{\"@id\":\"https:\/\/benalmadenadigital.es\/pt-pt\/master-d\/#primaryimage\"},\"thumbnailUrl\":\"https:\/\/benalmadenadigital.es\/wp-content\/uploads\/2018\/10\/Master-D-cursos-profissionais.png\",\"datePublished\":\"2018-10-29T11:07:30+00:00\",\"dateModified\":\"2018-10-29T11:08:05+00:00\",\"description\":\"O centro de forma\u00e7\u00e3o Master D oferece um amplo cat\u00e1logo de cursos profissionais que melhoram as oportunidades de trabalho dos formandos.\",\"breadcrumb\":{\"@id\":\"https:\/\/benalmadenadigital.es\/pt-pt\/master-d\/#breadcrumb\"},\"inLanguage\":\"pt-PT\",\"potentialAction\":[{\"@type\":\"ReadAction\",\"target\":[\"https:\/\/benalmadenadigital.es\/pt-pt\/master-d\/\"]}]},{\"@type\":\"ImageObject\",\"inLanguage\":\"pt-PT\",\"@id\":\"https:\/\/benalmadenadigital.es\/pt-pt\/master-d\/#primaryimage\",\"url\":\"https:\/\/benalmadenadigital.es\/wp-content\/uploads\/2018\/10\/Master-D-cursos-profissionais.png\",\"contentUrl\":\"https:\/\/benalmadenadigital.es\/wp-content\/uploads\/2018\/10\/Master-D-cursos-profissionais.png\"},{\"@type\":\"BreadcrumbList\",\"@id\":\"https:\/\/benalmadenadigital.es\/pt-pt\/master-d\/#breadcrumb\",\"itemListElement\":[{\"@type\":\"ListItem\",\"position\":1,\"name\":\"Portada\",\"item\":\"https:\/\/benalmadenadigital.es\/\"},{\"@type\":\"ListItem\",\"position\":2,\"name\":\"Master D em Portugal, cursos de forma\u00e7\u00e3o para melhoria das oportunidades de emprego\"}]},{\"@type\":\"WebSite\",\"@id\":\"https:\/\/benalmadenadigital.es\/#website\",\"url\":\"https:\/\/benalmadenadigital.es\/\",\"name\":\"Suas not\u00edcias da semana\",\"description\":\"benalmadenadigital.es\",\"publisher\":{\"@id\":\"https:\/\/benalmadenadigital.es\/#organization\"},\"potentialAction\":[{\"@type\":\"SearchAction\",\"target\":{\"@type\":\"EntryPoint\",\"urlTemplate\":\"https:\/\/benalmadenadigital.es\/?s={search_term_string}\"},\"query-input\":{\"@type\":\"PropertyValueSpecification\",\"valueRequired\":true,\"valueName\":\"search_term_string\"}}],\"inLanguage\":\"pt-PT\"},{\"@type\":\"Organization\",\"@id\":\"https:\/\/benalmadenadigital.es\/#organization\",\"name\":\"Benalm\u00e1dena Digital\",\"url\":\"https:\/\/benalmadenadigital.es\/\",\"logo\":{\"@type\":\"ImageObject\",\"inLanguage\":\"pt-PT\",\"@id\":\"https:\/\/benalmadenadigital.es\/#\/schema\/logo\/image\/\",\"url\":\"https:\/\/benalmadenadigital.es\/wp-content\/uploads\/2019\/06\/logo-benalmadena.png\",\"contentUrl\":\"https:\/\/benalmadenadigital.es\/wp-content\/uploads\/2019\/06\/logo-benalmadena.png\",\"width\":508,\"height\":200,\"caption\":\"Benalm\u00e1dena Digital\"},\"image\":{\"@id\":\"https:\/\/benalmadenadigital.es\/#\/schema\/logo\/image\/\"}}]}<\/script>\n<!-- \/ Yoast SEO plugin. -->","yoast_head_json":{"title":"Master D e seus cursos de forma\u00e7\u00e3o em Portugal","description":"O centro de forma\u00e7\u00e3o Master D oferece um amplo cat\u00e1logo de cursos profissionais que melhoram as oportunidades de trabalho dos formandos.","robots":{"index":"index","follow":"follow","max-snippet":"max-snippet:-1","max-image-preview":"max-image-preview:large","max-video-preview":"max-video-preview:-1"},"canonical":"https:\/\/benalmadenadigital.es\/pt-pt\/master-d\/","og_locale":"pt_PT","og_type":"article","og_title":"Master D e seus cursos de forma\u00e7\u00e3o em Portugal","og_description":"O centro de forma\u00e7\u00e3o Master D oferece um amplo cat\u00e1logo de cursos profissionais que melhoram as oportunidades de trabalho dos formandos.","og_url":"https:\/\/benalmadenadigital.es\/pt-pt\/master-d\/","og_site_name":"Suas not\u00edcias da semana","article_modified_time":"2018-10-29T11:08:05+00:00","og_image":[{"url":"https:\/\/benalmadenadigital.es\/wp-content\/uploads\/2018\/10\/Master-D-cursos-profissionais.png","type":"","width":"","height":""}],"twitter_misc":{"Tempo estimado de leitura":"4 minutos"},"schema":{"@context":"https:\/\/schema.org","@graph":[{"@type":"WebPage","@id":"https:\/\/benalmadenadigital.es\/pt-pt\/master-d\/","url":"https:\/\/benalmadenadigital.es\/pt-pt\/master-d\/","name":"Master D e seus cursos de forma\u00e7\u00e3o em Portugal","isPartOf":{"@id":"https:\/\/benalmadenadigital.es\/#website"},"primaryImageOfPage":{"@id":"https:\/\/benalmadenadigital.es\/pt-pt\/master-d\/#primaryimage"},"image":{"@id":"https:\/\/benalmadenadigital.es\/pt-pt\/master-d\/#primaryimage"},"thumbnailUrl":"https:\/\/benalmadenadigital.es\/wp-content\/uploads\/2018\/10\/Master-D-cursos-profissionais.png","datePublished":"2018-10-29T11:07:30+00:00","dateModified":"2018-10-29T11:08:05+00:00","description":"O centro de forma\u00e7\u00e3o Master D oferece um amplo cat\u00e1logo de cursos profissionais que melhoram as oportunidades de trabalho dos formandos.","breadcrumb":{"@id":"https:\/\/benalmadenadigital.es\/pt-pt\/master-d\/#breadcrumb"},"inLanguage":"pt-PT","potentialAction":[{"@type":"ReadAction","target":["https:\/\/benalmadenadigital.es\/pt-pt\/master-d\/"]}]},{"@type":"ImageObject","inLanguage":"pt-PT","@id":"https:\/\/benalmadenadigital.es\/pt-pt\/master-d\/#primaryimage","url":"https:\/\/benalmadenadigital.es\/wp-content\/uploads\/2018\/10\/Master-D-cursos-profissionais.png","contentUrl":"https:\/\/benalmadenadigital.es\/wp-content\/uploads\/2018\/10\/Master-D-cursos-profissionais.png"},{"@type":"BreadcrumbList","@id":"https:\/\/benalmadenadigital.es\/pt-pt\/master-d\/#breadcrumb","itemListElement":[{"@type":"ListItem","position":1,"name":"Portada","item":"https:\/\/benalmadenadigital.es\/"},{"@type":"ListItem","position":2,"name":"Master D em Portugal, cursos de forma\u00e7\u00e3o para melhoria das oportunidades de emprego"}]},{"@type":"WebSite","@id":"https:\/\/benalmadenadigital.es\/#website","url":"https:\/\/benalmadenadigital.es\/","name":"Suas not\u00edcias da semana","description":"benalmadenadigital.es","publisher":{"@id":"https:\/\/benalmadenadigital.es\/#organization"},"potentialAction":[{"@type":"SearchAction","target":{"@type":"EntryPoint","urlTemplate":"https:\/\/benalmadenadigital.es\/?s={search_term_string}"},"query-input":{"@type":"PropertyValueSpecification","valueRequired":true,"valueName":"search_term_string"}}],"inLanguage":"pt-PT"},{"@type":"Organization","@id":"https:\/\/benalmadenadigital.es\/#organization","name":"Benalm\u00e1dena Digital","url":"https:\/\/benalmadenadigital.es\/","logo":{"@type":"ImageObject","inLanguage":"pt-PT","@id":"https:\/\/benalmadenadigital.es\/#\/schema\/logo\/image\/","url":"https:\/\/benalmadenadigital.es\/wp-content\/uploads\/2019\/06\/logo-benalmadena.png","contentUrl":"https:\/\/benalmadenadigital.es\/wp-content\/uploads\/2019\/06\/logo-benalmadena.png","width":508,"height":200,"caption":"Benalm\u00e1dena Digital"},"image":{"@id":"https:\/\/benalmadenadigital.es\/#\/schema\/logo\/image\/"}}]}},"yoast_description":"O centro de forma\u00e7\u00e3o Master D oferece um amplo cat\u00e1logo de cursos profissionais que melhoram as oportunidades de trabalho dos formandos.","yoast_title":"Master D e seus cursos de forma\u00e7\u00e3o em Portugal","_links":{"self":[{"href":"https:\/\/benalmadenadigital.es\/pt-pt\/wp-json\/wp\/v2\/pages\/4984","targetHints":{"allow":["GET"]}}],"collection":[{"href":"https:\/\/benalmadenadigital.es\/pt-pt\/wp-json\/wp\/v2\/pages"}],"about":[{"href":"https:\/\/benalmadenadigital.es\/pt-pt\/wp-json\/wp\/v2\/types\/page"}],"author":[{"embeddable":true,"href":"https:\/\/benalmadenadigital.es\/pt-pt\/wp-json\/wp\/v2\/users\/11"}],"replies":[{"embeddable":true,"href":"https:\/\/benalmadenadigital.es\/pt-pt\/wp-json\/wp\/v2\/comments?post=4984"}],"version-history":[{"count":0,"href":"https:\/\/benalmadenadigital.es\/pt-pt\/wp-json\/wp\/v2\/pages\/4984\/revisions"}],"wp:attachment":[{"href":"https:\/\/benalmadenadigital.es\/pt-pt\/wp-json\/wp\/v2\/media?parent=4984"}],"curies":[{"name":"wp","href":"https:\/\/api.w.org\/{rel}","templated":true}]}}